{"id":115,"date":"2025-06-18T14:17:54","date_gmt":"2025-06-18T14:17:54","guid":{"rendered":"http:\/\/boutique.ecolight.run.place\/?product=lampadaire-solaire-600w"},"modified":"2025-06-18T14:23:52","modified_gmt":"2025-06-18T14:23:52","slug":"lampadaire-solaire-600w","status":"publish","type":"product","link":"https:\/\/boutique.ecolight.solar\/?product=lampadaire-solaire-600w","title":{"rendered":"Lampadaire Solaire 600W"},"content":{"rendered":"<h3 data-start=\"117\" data-end=\"201\">Lampadaire solaire 600W \u2013 Description d\u00e9taill\u00e9e avec caract\u00e9ristiques techniques<\/h3>\n<p data-start=\"203\" data-end=\"446\">Le <strong data-start=\"206\" data-end=\"233\">lampadaire solaire 600W<\/strong> est une solution d\u2019\u00e9clairage ext\u00e9rieur autonome et performante, con\u00e7ue pour r\u00e9pondre aux besoins des espaces publics, parkings, rues, places et autres grandes zones n\u00e9cessitant un \u00e9clairage puissant et durable.<\/p>\n<p data-start=\"448\" data-end=\"483\"><strong data-start=\"448\" data-end=\"481\">Caract\u00e9ristiques techniques :<\/strong><\/p>\n<ul data-start=\"484\" data-end=\"2163\">\n<li data-start=\"484\" data-end=\"617\">\n<p data-start=\"486\" data-end=\"617\"><strong data-start=\"486\" data-end=\"505\">Puissance LED :<\/strong> 600 watts, assurant une luminosit\u00e9 intense de plus de 60 000 lumens, id\u00e9ale pour \u00e9clairer de larges surfaces.<\/p>\n<\/li>\n<li data-start=\"618\" data-end=\"830\">\n<p data-start=\"620\" data-end=\"830\"><strong data-start=\"620\" data-end=\"649\">Panneau solaire int\u00e9gr\u00e9 :<\/strong> panneau monocristallin de haute efficacit\u00e9, d\u2019une capacit\u00e9 d\u2019environ 1500Wc, directement fix\u00e9 sur la structure, optimis\u00e9 pour capter un maximum de lumi\u00e8re m\u00eame par temps nuageux.<\/p>\n<\/li>\n<li data-start=\"831\" data-end=\"977\">\n<p data-start=\"833\" data-end=\"977\"><strong data-start=\"833\" data-end=\"847\">Batterie :<\/strong> batterie lithium-ion haute capacit\u00e9, g\u00e9n\u00e9ralement 48V 60Ah, garantissant une autonomie de 2 \u00e0 3 nuits cons\u00e9cutives sans soleil.<\/p>\n<\/li>\n<li data-start=\"978\" data-end=\"1090\">\n<p data-start=\"980\" data-end=\"1090\"><strong data-start=\"980\" data-end=\"1006\">Dur\u00e9e de vie des LED :<\/strong> sup\u00e9rieure \u00e0 50 000 heures, minimisant les co\u00fbts de maintenance et remplacements.<\/p>\n<\/li>\n<li data-start=\"1091\" data-end=\"1195\">\n<p data-start=\"1093\" data-end=\"1195\"><strong data-start=\"1093\" data-end=\"1122\">Temps de charge solaire :<\/strong> entre 6 et 8 heures d\u2019ensoleillement optimal pour une charge compl\u00e8te.<\/p>\n<\/li>\n<li data-start=\"1196\" data-end=\"1324\">\n<p data-start=\"1198\" data-end=\"1324\"><strong data-start=\"1198\" data-end=\"1228\">Angle du panneau solaire :<\/strong> r\u00e9glable entre 15\u00b0 et 45\u00b0 pour maximiser l\u2019absorption solaire selon la latitude et la saison.<\/p>\n<\/li>\n<li data-start=\"1325\" data-end=\"1602\">\n<p data-start=\"1327\" data-end=\"1602\"><strong data-start=\"1327\" data-end=\"1353\">Contr\u00f4le intelligent :<\/strong> syst\u00e8me de gestion int\u00e9gr\u00e9 avec capteur cr\u00e9pusculaire et d\u00e9tecteur de mouvement, permettant d\u2019adapter l\u2019intensit\u00e9 lumineuse pour \u00e9conomiser l\u2019\u00e9nergie (par exemple, intensit\u00e9 \u00e0 50 % en absence de mouvement, 100 % lorsqu\u2019une pr\u00e9sence est d\u00e9tect\u00e9e).<\/p>\n<\/li>\n<li data-start=\"1603\" data-end=\"1803\">\n<p data-start=\"1605\" data-end=\"1803\"><strong data-start=\"1605\" data-end=\"1620\">Mat\u00e9riaux :<\/strong> corps en aluminium anticorrosion avec traitement thermolaqu\u00e9, garantissant une haute r\u00e9sistance aux intemp\u00e9ries et une protection IP65 contre la poussi\u00e8re et les projections d\u2019eau.<\/p>\n<\/li>\n<li data-start=\"1804\" data-end=\"1910\">\n<p data-start=\"1806\" data-end=\"1910\"><strong data-start=\"1806\" data-end=\"1831\">Hauteur recommand\u00e9e :<\/strong> installation entre 6 et 9 m\u00e8tres, selon la configuration du site \u00e0 \u00e9clairer.<\/p>\n<\/li>\n<li data-start=\"1911\" data-end=\"2038\">\n<p data-start=\"1913\" data-end=\"2038\"><strong data-start=\"1913\" data-end=\"1948\">Temp\u00e9rature de fonctionnement :<\/strong> de -20\u00b0C \u00e0 +60\u00b0C, assurant une fiabilit\u00e9 m\u00eame dans des conditions climatiques extr\u00eames.<\/p>\n<\/li>\n<li data-start=\"2039\" data-end=\"2163\">\n<p data-start=\"2041\" data-end=\"2163\"><strong data-start=\"2041\" data-end=\"2059\">Installation :<\/strong> montage facile et rapide, avec fixation murale ou sur poteau, sans besoin de raccordement \u00e9lectrique.<\/p>\n<\/li>\n<\/ul>\n<p data-start=\"2165\" data-end=\"2431\">Ce lampadaire solaire est une solution \u00e9cologique et \u00e9conomique qui r\u00e9duit les co\u00fbts \u00e9nerg\u00e9tiques et l\u2019empreinte carbone. Il s\u2019int\u00e8gre parfaitement dans les projets d\u2019\u00e9clairage durable, tout en offrant une performance lumineuse remarquable et une autonomie fiable.<\/p>\n","protected":false},"excerpt":{"rendered":"<p>Le lampadaire solaire 600W est un \u00e9clairage ext\u00e9rieur autonome puissant, \u00e9quip\u00e9 d\u2019un panneau solaire int\u00e9gr\u00e9 et d\u2019une batterie lithium-ion. Avec une luminosit\u00e9 \u00e9lev\u00e9e et une autonomie prolong\u00e9e, il est parfait pour l\u2019\u00e9clairage public et les grands espaces. Robuste, \u00e9conomique et \u00e9cologique, il offre une solution durable et performante gr\u00e2ce \u00e0 ses LED longue dur\u00e9e et son design r\u00e9sistant aux intemp\u00e9ries.<\/p>\n","protected":false},"featured_media":120,"comment_status":"open","ping_status":"closed","template":"","meta":[],"product_brand":[],"product_cat":[17],"product_tag":[28,29],"class_list":{"0":"post-115","1":"product","2":"type-product","3":"status-publish","4":"has-post-thumbnail","6":"product_cat-lampadaires-solaires","7":"product_tag-600w","8":"product_tag-eclairage-public","10":"first","11":"instock","12":"sale","13":"shipping-taxable","14":"purchasable","15":"product-type-simple"},"_links":{"self":[{"href":"https:\/\/boutique.ecolight.solar\/index.php?rest_route=\/wp\/v2\/product\/115","targetHints":{"allow":["GET"]}}],"collection":[{"href":"https:\/\/boutique.ecolight.solar\/index.php?rest_route=\/wp\/v2\/product"}],"about":[{"href":"https:\/\/boutique.ecolight.solar\/index.php?rest_route=\/wp\/v2\/types\/product"}],"replies":[{"embeddable":true,"href":"https:\/\/boutique.ecolight.solar\/index.php?rest_route=%2Fwp%2Fv2%2Fcomments&post=115"}],"wp:featuredmedia":[{"embeddable":true,"href":"https:\/\/boutique.ecolight.solar\/index.php?rest_route=\/wp\/v2\/media\/120"}],"wp:attachment":[{"href":"https:\/\/boutique.ecolight.solar\/index.php?rest_route=%2Fwp%2Fv2%2Fmedia&parent=115"}],"wp:term":[{"taxonomy":"product_brand","embeddable":true,"href":"https:\/\/boutique.ecolight.solar\/index.php?rest_route=%2Fwp%2Fv2%2Fproduct_brand&post=115"},{"taxonomy":"product_cat","embeddable":true,"href":"https:\/\/boutique.ecolight.solar\/index.php?rest_route=%2Fwp%2Fv2%2Fproduct_cat&post=115"},{"taxonomy":"product_tag","embeddable":true,"href":"https:\/\/boutique.ecolight.solar\/index.php?rest_route=%2Fwp%2Fv2%2Fproduct_tag&post=115"}],"curies":[{"name":"wp","href":"https:\/\/api.w.org\/{rel}","templated":true}]}}