{"id":109,"date":"2025-06-18T14:35:43","date_gmt":"2025-06-18T14:35:43","guid":{"rendered":"http:\/\/boutique.ecolight.run.place\/?post_type=product&#038;p=109"},"modified":"2025-06-18T14:35:43","modified_gmt":"2025-06-18T14:35:43","slug":"batterie-gel-200-ah","status":"publish","type":"product","link":"https:\/\/boutique.ecolight.solar\/?product=batterie-gel-200-ah","title":{"rendered":"Batterie Gel 200 Ah"},"content":{"rendered":"<p data-start=\"205\" data-end=\"485\">La <strong data-start=\"208\" data-end=\"234\">batterie Euronet 200Ah<\/strong> est une batterie solaire hautes performances, con\u00e7ue pour les installations solaires domestiques, industrielles ou professionnelles. Elle offre une grande capacit\u00e9 de stockage d\u2019\u00e9nergie, id\u00e9ale pour les syst\u00e8mes photovolta\u00efques autonomes ou hybrides.<\/p>\n<p data-start=\"487\" data-end=\"522\"><strong data-start=\"487\" data-end=\"520\">Caract\u00e9ristiques techniques :<\/strong><\/p>\n<ul data-start=\"523\" data-end=\"1168\">\n<li data-start=\"523\" data-end=\"574\">\n<p data-start=\"525\" data-end=\"574\"><strong data-start=\"525\" data-end=\"548\">Capacit\u00e9 nominale :<\/strong> 200 Ah (amp\u00e8res-heures)<\/p>\n<\/li>\n<li data-start=\"575\" data-end=\"605\">\n<p data-start=\"577\" data-end=\"605\"><strong data-start=\"577\" data-end=\"599\">Tension nominale :<\/strong> 12V<\/p>\n<\/li>\n<li data-start=\"606\" data-end=\"672\">\n<p data-start=\"608\" data-end=\"672\"><strong data-start=\"608\" data-end=\"625\">Technologie :<\/strong> Plomb-acide scell\u00e9 (AGM ou Gel selon mod\u00e8le)<\/p>\n<\/li>\n<li data-start=\"673\" data-end=\"744\">\n<p data-start=\"675\" data-end=\"744\"><strong data-start=\"675\" data-end=\"699\">Cycles de d\u00e9charge :<\/strong> 1200 \u00e0 1500 cycles \u00e0 50% de d\u00e9charge (DOD)<\/p>\n<\/li>\n<li data-start=\"745\" data-end=\"812\">\n<p data-start=\"747\" data-end=\"812\"><strong data-start=\"747\" data-end=\"773\">Dur\u00e9e de vie estim\u00e9e :<\/strong> 3 \u00e0 5 ans selon usage et temp\u00e9rature<\/p>\n<\/li>\n<li data-start=\"813\" data-end=\"896\">\n<p data-start=\"815\" data-end=\"896\"><strong data-start=\"815\" data-end=\"832\">Utilisation :<\/strong> \u00e9nergie solaire, onduleurs, pompes, t\u00e9l\u00e9coms, \u00e9clairage, etc.<\/p>\n<\/li>\n<li data-start=\"897\" data-end=\"995\">\n<p data-start=\"899\" data-end=\"995\"><strong data-start=\"899\" data-end=\"914\">Structure :<\/strong> bo\u00eetier robuste anti-choc, bornes \u00e9paisses pour un bon contact, sans entretien<\/p>\n<\/li>\n<li data-start=\"996\" data-end=\"1049\">\n<p data-start=\"998\" data-end=\"1049\"><strong data-start=\"998\" data-end=\"1033\">Temp\u00e9rature de fonctionnement :<\/strong> -15\u00b0C \u00e0 +50\u00b0C<\/p>\n<\/li>\n<li data-start=\"1050\" data-end=\"1084\">\n<p data-start=\"1052\" data-end=\"1084\"><strong data-start=\"1052\" data-end=\"1063\">Poids :<\/strong> environ 55 \u00e0 60 kg<\/p>\n<\/li>\n<li data-start=\"1085\" data-end=\"1168\">\n<p data-start=\"1087\" data-end=\"1168\"><strong data-start=\"1087\" data-end=\"1103\">Dimensions :<\/strong> \u00b1 520 \u00d7 240 \u00d7 220 mm (peuvent varier l\u00e9g\u00e8rement selon le mod\u00e8le)<\/p>\n<\/li>\n<\/ul>\n<p data-start=\"1170\" data-end=\"1547\">Gr\u00e2ce \u00e0 sa forte capacit\u00e9 de stockage et \u00e0 sa compatibilit\u00e9 avec les syst\u00e8mes d\u2019\u00e9nergie renouvelable, la batterie <strong data-start=\"1284\" data-end=\"1301\">Euronet 200Ah<\/strong> est un choix fiable pour assurer l\u2019autonomie \u00e9lectrique pendant les p\u00e9riodes sans soleil ou en cas de coupure de courant. Elle fonctionne efficacement avec les onduleurs et r\u00e9gulateurs MPPT, garantissant une performance stable sur le long terme.<\/p>\n","protected":false},"excerpt":{"rendered":"<p data-start=\"1602\" data-end=\"1860\">Batterie solaire Euronet 200Ah, 12V, id\u00e9ale pour installations solaires. Technologie sans entretien, longue dur\u00e9e de vie (jusqu\u2019\u00e0 1500 cycles), bo\u00eetier solide, parfaite pour assurer une autonomie fiable dans les syst\u00e8mes photovolta\u00efques, pompes ou onduleurs.<\/p>\n","protected":false},"featured_media":132,"comment_status":"open","ping_status":"closed","template":"","meta":[],"product_brand":[],"product_cat":[22],"product_tag":[],"class_list":{"0":"post-109","1":"product","2":"type-product","3":"status-publish","4":"has-post-thumbnail","6":"product_cat-batteries","8":"first","9":"instock","10":"shipping-taxable","11":"purchasable","12":"product-type-simple"},"_links":{"self":[{"href":"https:\/\/boutique.ecolight.solar\/index.php?rest_route=\/wp\/v2\/product\/109","targetHints":{"allow":["GET"]}}],"collection":[{"href":"https:\/\/boutique.ecolight.solar\/index.php?rest_route=\/wp\/v2\/product"}],"about":[{"href":"https:\/\/boutique.ecolight.solar\/index.php?rest_route=\/wp\/v2\/types\/product"}],"replies":[{"embeddable":true,"href":"https:\/\/boutique.ecolight.solar\/index.php?rest_route=%2Fwp%2Fv2%2Fcomments&post=109"}],"wp:featuredmedia":[{"embeddable":true,"href":"https:\/\/boutique.ecolight.solar\/index.php?rest_route=\/wp\/v2\/media\/132"}],"wp:attachment":[{"href":"https:\/\/boutique.ecolight.solar\/index.php?rest_route=%2Fwp%2Fv2%2Fmedia&parent=109"}],"wp:term":[{"taxonomy":"product_brand","embeddable":true,"href":"https:\/\/boutique.ecolight.solar\/index.php?rest_route=%2Fwp%2Fv2%2Fproduct_brand&post=109"},{"taxonomy":"product_cat","embeddable":true,"href":"https:\/\/boutique.ecolight.solar\/index.php?rest_route=%2Fwp%2Fv2%2Fproduct_cat&post=109"},{"taxonomy":"product_tag","embeddable":true,"href":"https:\/\/boutique.ecolight.solar\/index.php?rest_route=%2Fwp%2Fv2%2Fproduct_tag&post=109"}],"curies":[{"name":"wp","href":"https:\/\/api.w.org\/{rel}","templated":true}]}}